{"id":9,"date":"2020-06-12T22:37:02","date_gmt":"2020-06-12T20:37:02","guid":{"rendered":"http:\/\/essbi.com\/?page_id=9"},"modified":"2023-06-20T10:34:30","modified_gmt":"2023-06-20T08:34:30","slug":"a-propos-de","status":"publish","type":"page","link":"http:\/\/essbi.com\/?page_id=9","title":{"rendered":"\u00c0 propos d\u2019EssBi"},"content":{"rendered":"\n<p>C&rsquo;est \u00e0 la Trompette et au Bugle qu&rsquo;il exerce sa profession :<\/p>\n\n\n\n<blockquote class=\"wp-block-quote has-text-align-center is-style-large is-layout-flow wp-block-quote-is-layout-flow\"><p><mark style=\"background-color:rgba(0, 0, 0, 0)\" class=\"has-inline-color has-vivid-purple-color\">Artiste Musicien Interpr\u00e8te de la Musique.<\/mark><\/p><\/blockquote>\n\n\n\n<p>Toujours passionn\u00e9 par la pratique Musicale et l&rsquo;Informatique, c&rsquo;est tout simplement pour lui, un moyen privil\u00e9gi\u00e9 de rencontrer des gens de talent qui lui donnent l&rsquo;\u00e9nergie de promouvoir ses activit\u00e9s Artistiques<\/p>\n","protected":false},"excerpt":{"rendered":"<p>C&rsquo;est \u00e0 la Trompette et au Bugle qu&rsquo;il exerce sa profession : Artiste Musicien Interpr\u00e8te de la Musique. Toujours passionn\u00e9 par la pratique Musicale et l&rsquo;Informatique, c&rsquo;est tout simplement pour lui, un moyen privil\u00e9gi\u00e9 de rencontrer des gens de talent qui lui donnent l&rsquo;\u00e9nergie de promouvoir ses activit\u00e9s Artistiques<\/p>\n","protected":false},"author":1,"featured_media":0,"parent":0,"menu_order":0,"comment_status":"closed","ping_status":"closed","template":"","meta":{"footnotes":""},"class_list":["post-9","page","type-page","status-publish","hentry"],"_links":{"self":[{"href":"http:\/\/essbi.com\/index.php?rest_route=\/wp\/v2\/pages\/9","targetHints":{"allow":["GET"]}}],"collection":[{"href":"http:\/\/essbi.com\/index.php?rest_route=\/wp\/v2\/pages"}],"about":[{"href":"http:\/\/essbi.com\/index.php?rest_route=\/wp\/v2\/types\/page"}],"author":[{"embeddable":true,"href":"http:\/\/essbi.com\/index.php?rest_route=\/wp\/v2\/users\/1"}],"replies":[{"embeddable":true,"href":"http:\/\/essbi.com\/index.php?rest_route=%2Fwp%2Fv2%2Fcomments&post=9"}],"version-history":[{"count":9,"href":"http:\/\/essbi.com\/index.php?rest_route=\/wp\/v2\/pages\/9\/revisions"}],"predecessor-version":[{"id":144,"href":"http:\/\/essbi.com\/index.php?rest_route=\/wp\/v2\/pages\/9\/revisions\/144"}],"wp:attachment":[{"href":"http:\/\/essbi.com\/index.php?rest_route=%2Fwp%2Fv2%2Fmedia&parent=9"}],"curies":[{"name":"wp","href":"https:\/\/api.w.org\/{rel}","templated":true}]}}